{"id":14378,"date":"2022-06-08T09:14:46","date_gmt":"2022-06-08T09:14:46","guid":{"rendered":"https:\/\/modtel.travelerwp.com\/?page_id=14378"},"modified":"2024-04-16T16:57:27","modified_gmt":"2024-04-16T16:57:27","slug":"politica-de-privacidade","status":"publish","type":"page","link":"https:\/\/www.francodaserra.com\/en\/politica-de-privacidade\/","title":{"rendered":"Privacy Policy"},"content":{"rendered":"<div data-elementor-type=\"wp-page\" data-elementor-id=\"14378\" class=\"elementor elementor-14378\">\n\t\t\t\t\t\t<section class=\"elementor-section elementor-top-section elementor-element elementor-element-433394e8 elementor-section-boxed elementor-section-height-default elementor-section-height-default\" data-id=\"433394e8\" data-element_type=\"section\" data-settings=\"{&quot;background_background&quot;:&quot;classic&quot;}\">\n\t\t\t\t\t\t<div class=\"elementor-container elementor-column-gap-default\">\n\t\t\t\t\t<div class=\"elementor-column elementor-col-100 elementor-top-column elementor-element elementor-element-59cb4f26\" data-id=\"59cb4f26\" data-element_type=\"column\">\n\t\t\t<div class=\"elementor-widget-wrap elementor-element-populated\">\n\t\t\t\t\t\t<div class=\"elementor-element elementor-element-7752ed33 elementor-widget elementor-widget-heading\" data-id=\"7752ed33\" data-element_type=\"widget\" data-widget_type=\"heading.default\">\n\t\t\t\t<div class=\"elementor-widget-container\">\n\t\t\t<style>\/*! elementor - v3.21.0 - 08-05-2024 *\/\n.elementor-heading-title{padding:0;margin:0;line-height:1}.elementor-widget-heading .elementor-heading-title[class*=elementor-size-]>a{color:inherit;font-size:inherit;line-height:inherit}.elementor-widget-heading .elementor-heading-title.elementor-size-small{font-size:15px}.elementor-widget-heading .elementor-heading-title.elementor-size-medium{font-size:19px}.elementor-widget-heading .elementor-heading-title.elementor-size-large{font-size:29px}.elementor-widget-heading .elementor-heading-title.elementor-size-xl{font-size:39px}.elementor-widget-heading .elementor-heading-title.elementor-size-xxl{font-size:59px}<\/style><h2 class=\"elementor-heading-title elementor-size-default\">Privacy Policy<\/h2>\t\t<\/div>\n\t\t\t\t<\/div>\n\t\t\t\t\t<\/div>\n\t\t<\/div>\n\t\t\t\t\t<\/div>\n\t\t<\/section>\n\t\t\t\t<section class=\"elementor-section elementor-top-section elementor-element elementor-element-3707058e elementor-section-boxed elementor-section-height-default elementor-section-height-default\" data-id=\"3707058e\" data-element_type=\"section\" data-settings=\"{&quot;background_background&quot;:&quot;classic&quot;}\">\n\t\t\t\t\t\t<div class=\"elementor-container elementor-column-gap-default\">\n\t\t\t\t\t<div class=\"elementor-column elementor-col-100 elementor-top-column elementor-element elementor-element-c26f62d\" data-id=\"c26f62d\" data-element_type=\"column\">\n\t\t\t<div class=\"elementor-widget-wrap elementor-element-populated\">\n\t\t\t\t\t\t<div class=\"elementor-element elementor-element-8e6f2b3 elementor-widget elementor-widget-text-editor\" data-id=\"8e6f2b3\" data-element_type=\"widget\" data-widget_type=\"text-editor.default\">\n\t\t\t\t<div class=\"elementor-widget-container\">\n\t\t\t<style>\/*! elementor - v3.21.0 - 08-05-2024 *\/\n.elementor-widget-text-editor.elementor-drop-cap-view-stacked .elementor-drop-cap{background-color:#69727d;color:#fff}.elementor-widget-text-editor.elementor-drop-cap-view-framed .elementor-drop-cap{color:#69727d;border:3px solid;background-color:transparent}.elementor-widget-text-editor:not(.elementor-drop-cap-view-default) .elementor-drop-cap{margin-top:8px}.elementor-widget-text-editor:not(.elementor-drop-cap-view-default) .elementor-drop-cap-letter{width:1em;height:1em}.elementor-widget-text-editor .elementor-drop-cap{float:left;text-align:center;line-height:1;font-size:50px}.elementor-widget-text-editor .elementor-drop-cap-letter{display:inline-block}<\/style>\t\t\t\t<p>This website is managed and administered by Casa de Campo Franco da Serra, which seeks to ensure the continuous respect for the security and confidentiality of the personal data provided by the user, handling it only in accordance with the legally established terms and proportionate to the processing needs.<\/p>\n<p>In the collection and processing of information about users, Casa de Campo Franco da Serra operates in compliance with the current national and European legislation, particularly the General Data Protection Regulation (EU) 2016\/679 of the European Parliament and the Council, dated April 27, 2016.<\/p>\n<p>Casa de Campo Franco da Serra will only process your personal data when:<\/p>\n<ul>\n<li>It has a legitimate interest to do so, namely for: (i) responding to information requests; (ii) providing products and services;<br>(iii) internal processing for administrative, financial, and statistical purposes; and (iv) communications within the scope of a contract or pre-contractual steps.<\/li>\n<li>The need for processing complies with applicable laws and the rights of data subjects.<\/li>\n<li>It has obtained your consent to process your personal data for specific, explicit, and legitimate purposes.<\/li>\n<li>It is necessary to fulfill contractual and legal obligations that apply.<\/li>\n<\/ul>\n<p>The collected data will be retained for the legally established time.<\/p>\n<p>At any time, you can:<\/p>\n<ul>\n<li>Request access to the information we hold about you.<\/li>\n<li>Request the correction of information if it is inaccurate or incomplete.<\/li>\n<li>Request the erasure of your personal data when applicable, specifically for one of the following reasons:<br>a) The personal data is no longer necessary for the purpose for which they were collected or processed.<br>b) You have withdrawn your consent for data processing (where processing is based on consent) and there is no other legal basis for such processing.<br>c) You object to the processing, and there are no overriding legitimate grounds for the processing.<\/li>\n<li>Request the restriction of the processing of your personal data when applicable,<br>specifically for one of the following situations:<br>a) Contesting the accuracy of the personal data.<br>b) The processing is lawful, and you oppose the erasure of the personal data and request the restriction of its use instead.<br>c) You no longer need the personal data for processing purposes, but you require them for the establishment, exercise, or defense of legal claims.<br>d) If you have objected to the processing, until it is determined whether the legitimate grounds of the data controller override yours.<\/li>\n<li>Object to the processing of your personal data.<\/li>\n<li>If processing depends on your consent, you have the right to withdraw it.<\/li>\n<\/ul>\n<p>If you wish to exercise any of your rights, you should contact us in writing through email at geral@francodaserra.pt or by mail sent to Fonte Faneca, 76, Terra-Ch\u00e3, 9700, Angra do Hero\u00edsmo. You will be informed of the measures taken to fulfill your request.<\/p>\n<p>Your personal data may only be shared with the <a href=\"https:\/\/www.cloudbeds.com\/pt-br\/privacy-policy\/?_gl=1*1ctr57u*_up*MQ..&amp;gclid=CjwKCAiAsIGrBhAAEiwAEzMlC4BtQlSx881-lX0oAPmscoNJ9ibybreIIYIZNej2z1iADFQ5x3sSBhoCkwsQAvD_BwE\" target=\"_blank\" rel=\"noopener\">Cloudbeds<\/a>, for registration and management of reservations, or with the company Go Drive Rent, for the purposes of rent-a-car reservations, upon request from the guest. Therefore, your data is not shared with other entities than those indicated, and appropriate measures are adopted to protect and maintain data security and confidentiality of information.<\/p>\n<p>However, the transmission of information via the Internet is not completely secure, and we cannot absolutely guarantee the security of information transmitted through our website.<\/p>\t\t\t\t\t\t<\/div>\n\t\t\t\t<\/div>\n\t\t\t\t\t<\/div>\n\t\t<\/div>\n\t\t\t\t\t<\/div>\n\t\t<\/section>\n\t\t\t\t<\/div>","protected":false},"excerpt":{"rendered":"<p>Pol\u00edtica de Privacidade O presente site \u00e9 gerido e administrado pela Casa de Campo Franco da Serra, que procura assegurar o permanente respeito pela seguran\u00e7a e confidencialidade dos dados pessoais fornecidos pelo utilizador, tratando-a apenas nos termos legalmente previstos e de forma proporcional \u00e0s necessidades de tratamento. Na recolha e tratamento de informa\u00e7\u00e3o sobre os [&hellip;]<\/p>","protected":false},"author":1,"featured_media":0,"parent":0,"menu_order":0,"comment_status":"closed","ping_status":"closed","template":"elementor_header_footer","meta":{"footnotes":""},"class_list":["post-14378","page","type-page","status-publish","has-post-thumbnail","hentry"],"yoast_head":"<!-- This site is optimized with the Yoast SEO plugin v22.7 - https:\/\/yoast.com\/wordpress\/plugins\/seo\/ -->\n<title>Pol\u00edtica de Privacidade - Franco da Serra<\/title>\n<meta name=\"robots\" content=\"index, follow, max-snippet:-1, max-image-preview:large, max-video-preview:-1\" \/>\n<link rel=\"canonical\" href=\"https:\/\/www.francodaserra.com\/en\/politica-de-privacidade\/\" \/>\n<meta property=\"og:locale\" content=\"en_GB\" \/>\n<meta property=\"og:type\" content=\"article\" \/>\n<meta property=\"og:title\" content=\"Pol\u00edtica de Privacidade - Franco da Serra\" \/>\n<meta property=\"og:description\" content=\"Pol\u00edtica de Privacidade O presente site \u00e9 gerido e administrado pela Casa de Campo Franco da Serra, que procura assegurar o permanente respeito pela seguran\u00e7a e confidencialidade dos dados pessoais fornecidos pelo utilizador, tratando-a apenas nos termos legalmente previstos e de forma proporcional \u00e0s necessidades de tratamento. Na recolha e tratamento de informa\u00e7\u00e3o sobre os [&hellip;]\" \/>\n<meta property=\"og:url\" content=\"https:\/\/www.francodaserra.com\/en\/politica-de-privacidade\/\" \/>\n<meta property=\"og:site_name\" content=\"Franco da Serra\" \/>\n<meta property=\"article:modified_time\" content=\"2024-04-16T16:57:27+00:00\" \/>\n<meta name=\"twitter:card\" content=\"summary_large_image\" \/>\n<meta name=\"twitter:label1\" content=\"Estimated reading time\" \/>\n\t<meta name=\"twitter:data1\" content=\"4 minutes\" \/>\n<script type=\"application\/ld+json\" class=\"yoast-schema-graph\">{\"@context\":\"https:\/\/schema.org\",\"@graph\":[{\"@type\":\"WebPage\",\"@id\":\"https:\/\/www.francodaserra.com\/politica-de-privacidade\/\",\"url\":\"https:\/\/www.francodaserra.com\/politica-de-privacidade\/\",\"name\":\"Pol\u00edtica de Privacidade - Franco da Serra\",\"isPartOf\":{\"@id\":\"https:\/\/www.francodaserra.com\/#website\"},\"datePublished\":\"2022-06-08T09:14:46+00:00\",\"dateModified\":\"2024-04-16T16:57:27+00:00\",\"breadcrumb\":{\"@id\":\"https:\/\/www.francodaserra.com\/politica-de-privacidade\/#breadcrumb\"},\"inLanguage\":\"en-GB\",\"potentialAction\":[{\"@type\":\"ReadAction\",\"target\":[\"https:\/\/www.francodaserra.com\/politica-de-privacidade\/\"]}]},{\"@type\":\"BreadcrumbList\",\"@id\":\"https:\/\/www.francodaserra.com\/politica-de-privacidade\/#breadcrumb\",\"itemListElement\":[{\"@type\":\"ListItem\",\"position\":1,\"name\":\"In\u00edcio\",\"item\":\"https:\/\/www.francodaserra.com\/\"},{\"@type\":\"ListItem\",\"position\":2,\"name\":\"Pol\u00edtica de Privacidade\"}]},{\"@type\":\"WebSite\",\"@id\":\"https:\/\/www.francodaserra.com\/#website\",\"url\":\"https:\/\/www.francodaserra.com\/\",\"name\":\"Franco da Serra - Country House\",\"description\":\"Country House in Terceira Island\",\"potentialAction\":[{\"@type\":\"SearchAction\",\"target\":{\"@type\":\"EntryPoint\",\"urlTemplate\":\"https:\/\/www.francodaserra.com\/?s={search_term_string}\"},\"query-input\":\"required name=search_term_string\"}],\"inLanguage\":\"en-GB\"}]}<\/script>\n<!-- \/ Yoast SEO plugin. -->","yoast_head_json":{"title":"Pol\u00edtica de Privacidade - Franco da Serra","robots":{"index":"index","follow":"follow","max-snippet":"max-snippet:-1","max-image-preview":"max-image-preview:large","max-video-preview":"max-video-preview:-1"},"canonical":"https:\/\/www.francodaserra.com\/en\/politica-de-privacidade\/","og_locale":"en_GB","og_type":"article","og_title":"Pol\u00edtica de Privacidade - Franco da Serra","og_description":"Pol\u00edtica de Privacidade O presente site \u00e9 gerido e administrado pela Casa de Campo Franco da Serra, que procura assegurar o permanente respeito pela seguran\u00e7a e confidencialidade dos dados pessoais fornecidos pelo utilizador, tratando-a apenas nos termos legalmente previstos e de forma proporcional \u00e0s necessidades de tratamento. Na recolha e tratamento de informa\u00e7\u00e3o sobre os [&hellip;]","og_url":"https:\/\/www.francodaserra.com\/en\/politica-de-privacidade\/","og_site_name":"Franco da Serra","article_modified_time":"2024-04-16T16:57:27+00:00","twitter_card":"summary_large_image","twitter_misc":{"Estimated reading time":"4 minutes"},"schema":{"@context":"https:\/\/schema.org","@graph":[{"@type":"WebPage","@id":"https:\/\/www.francodaserra.com\/politica-de-privacidade\/","url":"https:\/\/www.francodaserra.com\/politica-de-privacidade\/","name":"Pol\u00edtica de Privacidade - Franco da Serra","isPartOf":{"@id":"https:\/\/www.francodaserra.com\/#website"},"datePublished":"2022-06-08T09:14:46+00:00","dateModified":"2024-04-16T16:57:27+00:00","breadcrumb":{"@id":"https:\/\/www.francodaserra.com\/politica-de-privacidade\/#breadcrumb"},"inLanguage":"en-GB","potentialAction":[{"@type":"ReadAction","target":["https:\/\/www.francodaserra.com\/politica-de-privacidade\/"]}]},{"@type":"BreadcrumbList","@id":"https:\/\/www.francodaserra.com\/politica-de-privacidade\/#breadcrumb","itemListElement":[{"@type":"ListItem","position":1,"name":"In\u00edcio","item":"https:\/\/www.francodaserra.com\/"},{"@type":"ListItem","position":2,"name":"Pol\u00edtica de Privacidade"}]},{"@type":"WebSite","@id":"https:\/\/www.francodaserra.com\/#website","url":"https:\/\/www.francodaserra.com\/","name":"Franco da Serra - Country House","description":"Country House in Terceira Island","potentialAction":[{"@type":"SearchAction","target":{"@type":"EntryPoint","urlTemplate":"https:\/\/www.francodaserra.com\/?s={search_term_string}"},"query-input":"required name=search_term_string"}],"inLanguage":"en-GB"}]}},"_links":{"self":[{"href":"https:\/\/www.francodaserra.com\/en\/wp-json\/wp\/v2\/pages\/14378","targetHints":{"allow":["GET"]}}],"collection":[{"href":"https:\/\/www.francodaserra.com\/en\/wp-json\/wp\/v2\/pages"}],"about":[{"href":"https:\/\/www.francodaserra.com\/en\/wp-json\/wp\/v2\/types\/page"}],"author":[{"embeddable":true,"href":"https:\/\/www.francodaserra.com\/en\/wp-json\/wp\/v2\/users\/1"}],"replies":[{"embeddable":true,"href":"https:\/\/www.francodaserra.com\/en\/wp-json\/wp\/v2\/comments?post=14378"}],"version-history":[{"count":23,"href":"https:\/\/www.francodaserra.com\/en\/wp-json\/wp\/v2\/pages\/14378\/revisions"}],"predecessor-version":[{"id":17223,"href":"https:\/\/www.francodaserra.com\/en\/wp-json\/wp\/v2\/pages\/14378\/revisions\/17223"}],"wp:attachment":[{"href":"https:\/\/www.francodaserra.com\/en\/wp-json\/wp\/v2\/media?parent=14378"}],"curies":[{"name":"wp","href":"https:\/\/api.w.org\/{rel}","templated":true}]}}