{"id":15493,"date":"2023-09-13T14:17:32","date_gmt":"2023-09-13T14:17:32","guid":{"rendered":"https:\/\/www.francodaserra.com\/?page_id=15493"},"modified":"2024-02-11T20:45:03","modified_gmt":"2024-02-11T20:45:03","slug":"termos-e-condicoes","status":"publish","type":"page","link":"https:\/\/www.francodaserra.com\/en\/termos-e-condicoes\/","title":{"rendered":"Terms and Conditions"},"content":{"rendered":"<div data-elementor-type=\"wp-page\" data-elementor-id=\"15493\" class=\"elementor elementor-15493\">\n\t\t\t\t\t\t<section class=\"elementor-section elementor-top-section elementor-element elementor-element-64981642 elementor-section-boxed elementor-section-height-default elementor-section-height-default\" data-id=\"64981642\" data-element_type=\"section\" data-settings=\"{&quot;background_background&quot;:&quot;classic&quot;}\">\n\t\t\t\t\t\t<div class=\"elementor-container elementor-column-gap-default\">\n\t\t\t\t\t<div class=\"elementor-column elementor-col-100 elementor-top-column elementor-element elementor-element-1f7f0c1e\" data-id=\"1f7f0c1e\" data-element_type=\"column\">\n\t\t\t<div class=\"elementor-widget-wrap elementor-element-populated\">\n\t\t\t\t\t\t<div class=\"elementor-element elementor-element-40fc236 elementor-widget elementor-widget-heading\" data-id=\"40fc236\" data-element_type=\"widget\" data-widget_type=\"heading.default\">\n\t\t\t\t<div class=\"elementor-widget-container\">\n\t\t\t<style>\/*! elementor - v3.21.0 - 08-05-2024 *\/\n.elementor-heading-title{padding:0;margin:0;line-height:1}.elementor-widget-heading .elementor-heading-title[class*=elementor-size-]>a{color:inherit;font-size:inherit;line-height:inherit}.elementor-widget-heading .elementor-heading-title.elementor-size-small{font-size:15px}.elementor-widget-heading .elementor-heading-title.elementor-size-medium{font-size:19px}.elementor-widget-heading .elementor-heading-title.elementor-size-large{font-size:29px}.elementor-widget-heading .elementor-heading-title.elementor-size-xl{font-size:39px}.elementor-widget-heading .elementor-heading-title.elementor-size-xxl{font-size:59px}<\/style><h2 class=\"elementor-heading-title elementor-size-default\">Terms and Conditions<\/h2>\t\t<\/div>\n\t\t\t\t<\/div>\n\t\t\t\t\t<\/div>\n\t\t<\/div>\n\t\t\t\t\t<\/div>\n\t\t<\/section>\n\t\t\t\t<section class=\"elementor-section elementor-top-section elementor-element elementor-element-5c866e5b elementor-section-boxed elementor-section-height-default elementor-section-height-default\" data-id=\"5c866e5b\" data-element_type=\"section\" data-settings=\"{&quot;background_background&quot;:&quot;classic&quot;}\">\n\t\t\t\t\t\t<div class=\"elementor-container elementor-column-gap-default\">\n\t\t\t\t\t<div class=\"elementor-column elementor-col-100 elementor-top-column elementor-element elementor-element-3b96993d\" data-id=\"3b96993d\" data-element_type=\"column\">\n\t\t\t<div class=\"elementor-widget-wrap elementor-element-populated\">\n\t\t\t\t\t\t<div class=\"elementor-element elementor-element-68ad3c56 elementor-widget elementor-widget-text-editor\" data-id=\"68ad3c56\" data-element_type=\"widget\" data-widget_type=\"text-editor.default\">\n\t\t\t\t<div class=\"elementor-widget-container\">\n\t\t\t<style>\/*! elementor - v3.21.0 - 08-05-2024 *\/\n.elementor-widget-text-editor.elementor-drop-cap-view-stacked .elementor-drop-cap{background-color:#69727d;color:#fff}.elementor-widget-text-editor.elementor-drop-cap-view-framed .elementor-drop-cap{color:#69727d;border:3px solid;background-color:transparent}.elementor-widget-text-editor:not(.elementor-drop-cap-view-default) .elementor-drop-cap{margin-top:8px}.elementor-widget-text-editor:not(.elementor-drop-cap-view-default) .elementor-drop-cap-letter{width:1em;height:1em}.elementor-widget-text-editor .elementor-drop-cap{float:left;text-align:center;line-height:1;font-size:50px}.elementor-widget-text-editor .elementor-drop-cap-letter{display:inline-block}<\/style>\t\t\t\t<p>The prices are per room, per night and include the legal VAT and breakfast.<\/p>\n<p>There is no extra cost for including babies or cots in your reservation.<\/p>\n<p>O pedido de cama extra ou a reserva para crian\u00e7as com idade a partir dos 5 anos tem um custo adicional.<\/p>\n<p>Payment can be made via bank transfer or debit\/credit card.<\/p>\n<p>Making a reservation implies an advance payment of the reservation amount, which may be refunded in the event of cancellation of the reservation, within the conditions set out in the Cancellation Policy.<\/p>\n<p>Check-in can be done from 3 pm, and check-out must take place by 12 pm. If you arrive at the House before the indicated time, and the room is already available, check-in can be done at that time. If this is not possible, you can always make use of the other common spaces and amenities at Casa de Campo while you wait. If you wish to check-in at a late hour, you must communicate this fact to Casa de Campo and articulate the time so that your reception takes place without constraints.<\/p>\n<p>The Cancellation Policy may change in the case of promotional campaigns. However, the normal cancellation policy provides for the possibility of cancellation without penalty if it occurs up to 30 days before arrival, a 50% penalty for cancellations up to 20 days before the arrival date.<\/p>\n<p>Private parking is available free of charge. However, Casa de Campo Franco da Serra is not responsible for any damage suffered by vehicles.<\/p>\n<p>Casa de Campo Franco da Serra adopts a non-smoking policy, meaning smoking is prohibited in rooms and interior areas.<\/p>\n<p>During your stay, please notify our team immediately if you notice any damage to the rooms or equipment. We will take all necessary actions to troubleshoot problems and make sure equipment and facilities are working properly.<\/p>\n<p>The Country House reserves the right to demand payment for damages caused by negligence or misuse by guests.<\/p>\n<p>Cleaning service is available daily, although room towels are expected to be changed every 2 days.<\/p>\n<p>Casa de Campo provides towels for exclusive use in the Casa's swimming pool. The first towel (per guest) is free. Extra towels are available at an additional cost.&nbsp;<\/p>\n<p>Pets are not allowed in accommodations or common areas.<\/p>\n<p>There is no minimum number of nights for your stay.<\/p>\n<p>Casa de Campo Franco da Serra carries out continuous work to update and verify the information made available on this website, however, it cannot be held responsible if the content presented represents, from time to time, an anomaly.<\/p>\n<p>Casa de Campo Franco da Serra reserves the right to change, without prior notice, the terms and conditions set out here, publishing the new conditions as soon as possible.<\/p>\t\t\t\t\t\t<\/div>\n\t\t\t\t<\/div>\n\t\t\t\t\t<\/div>\n\t\t<\/div>\n\t\t\t\t\t<\/div>\n\t\t<\/section>\n\t\t\t\t<\/div>","protected":false},"excerpt":{"rendered":"<p>Termos e Condi\u00e7\u00f5es Os pre\u00e7os apresentados s\u00e3o por quarto e por noite, j\u00e1 incluindo IVA \u00e0 taxa legal em vigor, e pequeno-almo\u00e7o. N\u00e3o existe nenhum custo extra pela inclus\u00e3o de beb\u00e9s ou ber\u00e7os na sua reserva. O pedido de cama extra ou a reserva para crian\u00e7as com idade a partir dos 5 anos tem um [&hellip;]<\/p>","protected":false},"author":1,"featured_media":0,"parent":0,"menu_order":0,"comment_status":"closed","ping_status":"closed","template":"elementor_header_footer","meta":{"footnotes":""},"class_list":["post-15493","page","type-page","status-publish","has-post-thumbnail","hentry"],"yoast_head":"<!-- This site is optimized with the Yoast SEO plugin v22.7 - https:\/\/yoast.com\/wordpress\/plugins\/seo\/ -->\n<title>Termos e Condi\u00e7\u00f5es - Franco da Serra<\/title>\n<meta name=\"robots\" content=\"index, follow, max-snippet:-1, max-image-preview:large, max-video-preview:-1\" \/>\n<link rel=\"canonical\" href=\"https:\/\/www.francodaserra.com\/en\/termos-e-condicoes\/\" \/>\n<meta property=\"og:locale\" content=\"en_GB\" \/>\n<meta property=\"og:type\" content=\"article\" \/>\n<meta property=\"og:title\" content=\"Termos e Condi\u00e7\u00f5es - Franco da Serra\" \/>\n<meta property=\"og:description\" content=\"Termos e Condi\u00e7\u00f5es Os pre\u00e7os apresentados s\u00e3o por quarto e por noite, j\u00e1 incluindo IVA \u00e0 taxa legal em vigor, e pequeno-almo\u00e7o. N\u00e3o existe nenhum custo extra pela inclus\u00e3o de beb\u00e9s ou ber\u00e7os na sua reserva. O pedido de cama extra ou a reserva para crian\u00e7as com idade a partir dos 5 anos tem um [&hellip;]\" \/>\n<meta property=\"og:url\" content=\"https:\/\/www.francodaserra.com\/en\/termos-e-condicoes\/\" \/>\n<meta property=\"og:site_name\" content=\"Franco da Serra\" \/>\n<meta property=\"article:modified_time\" content=\"2024-02-11T20:45:03+00:00\" \/>\n<meta name=\"twitter:card\" content=\"summary_large_image\" \/>\n<meta name=\"twitter:label1\" content=\"Estimated reading time\" \/>\n\t<meta name=\"twitter:data1\" content=\"3 minutes\" \/>\n<script type=\"application\/ld+json\" class=\"yoast-schema-graph\">{\"@context\":\"https:\/\/schema.org\",\"@graph\":[{\"@type\":\"WebPage\",\"@id\":\"https:\/\/www.francodaserra.com\/termos-e-condicoes\/\",\"url\":\"https:\/\/www.francodaserra.com\/termos-e-condicoes\/\",\"name\":\"Termos e Condi\u00e7\u00f5es - Franco da Serra\",\"isPartOf\":{\"@id\":\"https:\/\/www.francodaserra.com\/#website\"},\"datePublished\":\"2023-09-13T14:17:32+00:00\",\"dateModified\":\"2024-02-11T20:45:03+00:00\",\"breadcrumb\":{\"@id\":\"https:\/\/www.francodaserra.com\/termos-e-condicoes\/#breadcrumb\"},\"inLanguage\":\"en-GB\",\"potentialAction\":[{\"@type\":\"ReadAction\",\"target\":[\"https:\/\/www.francodaserra.com\/termos-e-condicoes\/\"]}]},{\"@type\":\"BreadcrumbList\",\"@id\":\"https:\/\/www.francodaserra.com\/termos-e-condicoes\/#breadcrumb\",\"itemListElement\":[{\"@type\":\"ListItem\",\"position\":1,\"name\":\"In\u00edcio\",\"item\":\"https:\/\/www.francodaserra.com\/\"},{\"@type\":\"ListItem\",\"position\":2,\"name\":\"Termos e Condi\u00e7\u00f5es\"}]},{\"@type\":\"WebSite\",\"@id\":\"https:\/\/www.francodaserra.com\/#website\",\"url\":\"https:\/\/www.francodaserra.com\/\",\"name\":\"Franco da Serra - Country House\",\"description\":\"Country House in Terceira Island\",\"potentialAction\":[{\"@type\":\"SearchAction\",\"target\":{\"@type\":\"EntryPoint\",\"urlTemplate\":\"https:\/\/www.francodaserra.com\/?s={search_term_string}\"},\"query-input\":\"required name=search_term_string\"}],\"inLanguage\":\"en-GB\"}]}<\/script>\n<!-- \/ Yoast SEO plugin. -->","yoast_head_json":{"title":"Termos e Condi\u00e7\u00f5es - Franco da Serra","robots":{"index":"index","follow":"follow","max-snippet":"max-snippet:-1","max-image-preview":"max-image-preview:large","max-video-preview":"max-video-preview:-1"},"canonical":"https:\/\/www.francodaserra.com\/en\/termos-e-condicoes\/","og_locale":"en_GB","og_type":"article","og_title":"Termos e Condi\u00e7\u00f5es - Franco da Serra","og_description":"Termos e Condi\u00e7\u00f5es Os pre\u00e7os apresentados s\u00e3o por quarto e por noite, j\u00e1 incluindo IVA \u00e0 taxa legal em vigor, e pequeno-almo\u00e7o. N\u00e3o existe nenhum custo extra pela inclus\u00e3o de beb\u00e9s ou ber\u00e7os na sua reserva. O pedido de cama extra ou a reserva para crian\u00e7as com idade a partir dos 5 anos tem um [&hellip;]","og_url":"https:\/\/www.francodaserra.com\/en\/termos-e-condicoes\/","og_site_name":"Franco da Serra","article_modified_time":"2024-02-11T20:45:03+00:00","twitter_card":"summary_large_image","twitter_misc":{"Estimated reading time":"3 minutes"},"schema":{"@context":"https:\/\/schema.org","@graph":[{"@type":"WebPage","@id":"https:\/\/www.francodaserra.com\/termos-e-condicoes\/","url":"https:\/\/www.francodaserra.com\/termos-e-condicoes\/","name":"Termos e Condi\u00e7\u00f5es - Franco da Serra","isPartOf":{"@id":"https:\/\/www.francodaserra.com\/#website"},"datePublished":"2023-09-13T14:17:32+00:00","dateModified":"2024-02-11T20:45:03+00:00","breadcrumb":{"@id":"https:\/\/www.francodaserra.com\/termos-e-condicoes\/#breadcrumb"},"inLanguage":"en-GB","potentialAction":[{"@type":"ReadAction","target":["https:\/\/www.francodaserra.com\/termos-e-condicoes\/"]}]},{"@type":"BreadcrumbList","@id":"https:\/\/www.francodaserra.com\/termos-e-condicoes\/#breadcrumb","itemListElement":[{"@type":"ListItem","position":1,"name":"In\u00edcio","item":"https:\/\/www.francodaserra.com\/"},{"@type":"ListItem","position":2,"name":"Termos e Condi\u00e7\u00f5es"}]},{"@type":"WebSite","@id":"https:\/\/www.francodaserra.com\/#website","url":"https:\/\/www.francodaserra.com\/","name":"Franco da Serra - Country House","description":"Country House in Terceira Island","potentialAction":[{"@type":"SearchAction","target":{"@type":"EntryPoint","urlTemplate":"https:\/\/www.francodaserra.com\/?s={search_term_string}"},"query-input":"required name=search_term_string"}],"inLanguage":"en-GB"}]}},"_links":{"self":[{"href":"https:\/\/www.francodaserra.com\/en\/wp-json\/wp\/v2\/pages\/15493","targetHints":{"allow":["GET"]}}],"collection":[{"href":"https:\/\/www.francodaserra.com\/en\/wp-json\/wp\/v2\/pages"}],"about":[{"href":"https:\/\/www.francodaserra.com\/en\/wp-json\/wp\/v2\/types\/page"}],"author":[{"embeddable":true,"href":"https:\/\/www.francodaserra.com\/en\/wp-json\/wp\/v2\/users\/1"}],"replies":[{"embeddable":true,"href":"https:\/\/www.francodaserra.com\/en\/wp-json\/wp\/v2\/comments?post=15493"}],"version-history":[{"count":16,"href":"https:\/\/www.francodaserra.com\/en\/wp-json\/wp\/v2\/pages\/15493\/revisions"}],"predecessor-version":[{"id":17130,"href":"https:\/\/www.francodaserra.com\/en\/wp-json\/wp\/v2\/pages\/15493\/revisions\/17130"}],"wp:attachment":[{"href":"https:\/\/www.francodaserra.com\/en\/wp-json\/wp\/v2\/media?parent=15493"}],"curies":[{"name":"wp","href":"https:\/\/api.w.org\/{rel}","templated":true}]}}